{"id":35038,"date":"2024-07-07T23:04:05","date_gmt":"2024-07-08T04:04:05","guid":{"rendered":"https:\/\/dev.aeeconsulting.com\/?page_id=35038"},"modified":"2025-04-16T11:14:09","modified_gmt":"2025-04-16T16:14:09","slug":"blog-elementor","status":"publish","type":"page","link":"https:\/\/preview.aeeconsulting-ec.com\/aeeconsulting\/blog-elementor\/","title":{"rendered":"Blog Page"},"content":{"rendered":"\t\t<div data-elementor-type=\"wp-page\" data-elementor-id=\"35038\" class=\"elementor elementor-35038\">\n\t\t\t\t<div class=\"elementor-element elementor-element-c8ae143 e-flex e-con-boxed e-con e-parent\" data-id=\"c8ae143\" data-element_type=\"container\" data-settings=\"{&quot;background_background&quot;:&quot;classic&quot;}\">\n\t\t\t\t\t<div class=\"e-con-inner\">\n\t\t<div class=\"elementor-element elementor-element-eb58f14 e-con-full e-flex e-con e-child\" data-id=\"eb58f14\" data-element_type=\"container\">\n\t\t\t\t<div class=\"elementor-element elementor-element-c3d10e5 elementor-widget elementor-widget-meafe-post-modules\" data-id=\"c3d10e5\" data-element_type=\"widget\" data-widget_type=\"meafe-post-modules.default\">\n\t\t\t\t<div class=\"elementor-widget-container\">\n\t\t\t\t\t<div id=\"meafe-post-grid-c3d10e5\" class=\"meafe-post-modules-wrapper layout-5\">\n            <div class=\"meafe-post-modules-innerwrapper\">\n                <div class=\"meafe-post-modules items-left\">            <div class=\"meafe-post-modules-card\" data-id=\"36229\">\n                <div class=\"meafe-post-modules-card-inner\">\n                                            <figure class=\"meafe-entry-media image-wrapper\">\n                            <a class=\"meafe-grid-post-link\" href=\"https:\/\/preview.aeeconsulting-ec.com\/aeeconsulting\/compras-publicas-sostenibles-una-herramienta-clave-para-transformar-el-desarrollo\/\" title=\"Compras p\u00fablicas sostenibles: una herramienta clave para transformar el desarrollo \">\n                                <img fetchpriority=\"high\" decoding=\"async\" width=\"1600\" height=\"1068\" src=\"https:\/\/preview.aeeconsulting-ec.com\/aeeconsulting\/wp-content\/uploads\/2025\/05\/WhatsApp-Image-2025-05-25-at-8.50.35-PM.jpeg\" class=\"attachment-full size-full\" alt=\"\" srcset=\"https:\/\/preview.aeeconsulting-ec.com\/aeeconsulting\/wp-content\/uploads\/2025\/05\/WhatsApp-Image-2025-05-25-at-8.50.35-PM.jpeg 1600w, https:\/\/preview.aeeconsulting-ec.com\/aeeconsulting\/wp-content\/uploads\/2025\/05\/WhatsApp-Image-2025-05-25-at-8.50.35-PM-300x200.jpeg 300w, https:\/\/preview.aeeconsulting-ec.com\/aeeconsulting\/wp-content\/uploads\/2025\/05\/WhatsApp-Image-2025-05-25-at-8.50.35-PM-1024x684.jpeg 1024w, https:\/\/preview.aeeconsulting-ec.com\/aeeconsulting\/wp-content\/uploads\/2025\/05\/WhatsApp-Image-2025-05-25-at-8.50.35-PM-768x513.jpeg 768w, https:\/\/preview.aeeconsulting-ec.com\/aeeconsulting\/wp-content\/uploads\/2025\/05\/WhatsApp-Image-2025-05-25-at-8.50.35-PM-370x247.jpeg 370w, https:\/\/preview.aeeconsulting-ec.com\/aeeconsulting\/wp-content\/uploads\/2025\/05\/WhatsApp-Image-2025-05-25-at-8.50.35-PM-270x180.jpeg 270w, https:\/\/preview.aeeconsulting-ec.com\/aeeconsulting\/wp-content\/uploads\/2025\/05\/WhatsApp-Image-2025-05-25-at-8.50.35-PM-1536x1025.jpeg 1536w, https:\/\/preview.aeeconsulting-ec.com\/aeeconsulting\/wp-content\/uploads\/2025\/05\/WhatsApp-Image-2025-05-25-at-8.50.35-PM-360x240.jpeg 360w\" sizes=\"(max-width: 1600px) 100vw, 1600px\" \/>                            <\/a>\n                        <\/figure>\n                                            <div class=\"meafe-entry-wrapper category--main\">\n                        <span class=\"category--wrapper\" itemprop=\"about\"><a href=\"https:\/\/preview.aeeconsulting-ec.com\/aeeconsulting\/category\/publicaciones\/\" rel=\"category tag\">PUBLICACIONES<\/a><\/span>                            <h2 class=\"meafe-entry-title\">\n                                <a class=\"meafe-grid-post-link\" href=\"https:\/\/preview.aeeconsulting-ec.com\/aeeconsulting\/compras-publicas-sostenibles-una-herramienta-clave-para-transformar-el-desarrollo\/\" title=\"Compras p\u00fablicas sostenibles: una herramienta clave para transformar el desarrollo\">Compras p\u00fablicas sostenibles: una herramienta clave para transformar el desarrollo<\/a>\n                            <\/h2>\n                                                \n                        <div class=\"meafe-entry-meta details\">\n                            <div class=\"meafe-posted-on meafe-date\"><time datetime=\"25 de mayo de 2025\">25 de mayo de 2025<\/time><\/div>                        <\/div>\n                    <\/div>\n                <\/div>\n            <\/div>\n            <\/div><div class=\"meafe-post-modules items-right\">            <div class=\"meafe-post-modules-card\" data-id=\"36000\">\n                <div class=\"meafe-post-modules-card-inner\">\n                                            <figure class=\"meafe-entry-media image-wrapper\">\n                            <a class=\"meafe-grid-post-link\" href=\"https:\/\/preview.aeeconsulting-ec.com\/aeeconsulting\/compras-publicas-y-contratacion-publica-en-ecuador-historia-diferencias-y-desafios-actuales\/\" title=\"Compras p\u00fablicas y contrataci\u00f3n p\u00fablica en Ecuador: historia, diferencias y desaf\u00edos actuales \">\n                                <img decoding=\"async\" width=\"300\" height=\"300\" src=\"https:\/\/preview.aeeconsulting-ec.com\/aeeconsulting\/wp-content\/uploads\/2025\/04\/Image20250415163036-300x300.jpg\" class=\"attachment-meafe-post-modules-small-img size-meafe-post-modules-small-img\" alt=\"\" srcset=\"https:\/\/preview.aeeconsulting-ec.com\/aeeconsulting\/wp-content\/uploads\/2025\/04\/Image20250415163036-300x300.jpg 300w, https:\/\/preview.aeeconsulting-ec.com\/aeeconsulting\/wp-content\/uploads\/2025\/04\/Image20250415163036-150x150.jpg 150w, https:\/\/preview.aeeconsulting-ec.com\/aeeconsulting\/wp-content\/uploads\/2025\/04\/Image20250415163036-355x355.jpg 355w, https:\/\/preview.aeeconsulting-ec.com\/aeeconsulting\/wp-content\/uploads\/2025\/04\/Image20250415163036-370x370.jpg 370w, https:\/\/preview.aeeconsulting-ec.com\/aeeconsulting\/wp-content\/uploads\/2025\/04\/Image20250415163036-170x170.jpg 170w\" sizes=\"(max-width: 300px) 100vw, 300px\" \/>                            <\/a>\n                        <\/figure>\n                                            <div class=\"meafe-entry-wrapper category--main\">\n                        <span class=\"category--wrapper\" itemprop=\"about\"><a href=\"https:\/\/preview.aeeconsulting-ec.com\/aeeconsulting\/category\/publicaciones\/\" rel=\"category tag\">PUBLICACIONES<\/a><\/span>                            <h2 class=\"meafe-entry-title\">\n                                <a class=\"meafe-grid-post-link\" href=\"https:\/\/preview.aeeconsulting-ec.com\/aeeconsulting\/compras-publicas-y-contratacion-publica-en-ecuador-historia-diferencias-y-desafios-actuales\/\" title=\"Compras p\u00fablicas y contrataci\u00f3n p\u00fablica en Ecuador: historia, diferencias y desaf\u00edos actuales\">Compras p\u00fablicas y contrataci\u00f3n p\u00fablica en Ecuador: historia, diferencias y desaf\u00edos actuales<\/a>\n                            <\/h2>\n                                                \n                        <div class=\"meafe-entry-meta details\">\n                            <div class=\"meafe-posted-on meafe-date\"><time datetime=\"15 de abril de 2025\">15 de abril de 2025<\/time><\/div>                        <\/div>\n                    <\/div>\n                <\/div>\n            <\/div>\n                        <div class=\"meafe-post-modules-card\" data-id=\"35995\">\n                <div class=\"meafe-post-modules-card-inner\">\n                                            <figure class=\"meafe-entry-media image-wrapper\">\n                            <a class=\"meafe-grid-post-link\" href=\"https:\/\/preview.aeeconsulting-ec.com\/aeeconsulting\/control-gubernamental-pilar-de-confianza-y-mejora-institucional\/\" title=\"Control gubernamental: pilar de confianza y mejora institucional \">\n                                <img decoding=\"async\" width=\"300\" height=\"300\" src=\"https:\/\/preview.aeeconsulting-ec.com\/aeeconsulting\/wp-content\/uploads\/2025\/04\/businessmen-elegant-suits-business-meeting-discussing-new-project-office-1-300x300.jpg\" class=\"attachment-meafe-post-modules-small-img size-meafe-post-modules-small-img\" alt=\"\" srcset=\"https:\/\/preview.aeeconsulting-ec.com\/aeeconsulting\/wp-content\/uploads\/2025\/04\/businessmen-elegant-suits-business-meeting-discussing-new-project-office-1-300x300.jpg 300w, https:\/\/preview.aeeconsulting-ec.com\/aeeconsulting\/wp-content\/uploads\/2025\/04\/businessmen-elegant-suits-business-meeting-discussing-new-project-office-1-150x150.jpg 150w, https:\/\/preview.aeeconsulting-ec.com\/aeeconsulting\/wp-content\/uploads\/2025\/04\/businessmen-elegant-suits-business-meeting-discussing-new-project-office-1-355x355.jpg 355w, https:\/\/preview.aeeconsulting-ec.com\/aeeconsulting\/wp-content\/uploads\/2025\/04\/businessmen-elegant-suits-business-meeting-discussing-new-project-office-1-370x370.jpg 370w, https:\/\/preview.aeeconsulting-ec.com\/aeeconsulting\/wp-content\/uploads\/2025\/04\/businessmen-elegant-suits-business-meeting-discussing-new-project-office-1-170x170.jpg 170w\" sizes=\"(max-width: 300px) 100vw, 300px\" \/>                            <\/a>\n                        <\/figure>\n                                            <div class=\"meafe-entry-wrapper category--main\">\n                        <span class=\"category--wrapper\" itemprop=\"about\"><a href=\"https:\/\/preview.aeeconsulting-ec.com\/aeeconsulting\/category\/publicaciones\/\" rel=\"category tag\">PUBLICACIONES<\/a><\/span>                            <h2 class=\"meafe-entry-title\">\n                                <a class=\"meafe-grid-post-link\" href=\"https:\/\/preview.aeeconsulting-ec.com\/aeeconsulting\/control-gubernamental-pilar-de-confianza-y-mejora-institucional\/\" title=\"Control gubernamental: pilar de confianza y mejora institucional\">Control gubernamental: pilar de confianza y mejora institucional<\/a>\n                            <\/h2>\n                                                \n                        <div class=\"meafe-entry-meta details\">\n                            <div class=\"meafe-posted-on meafe-date\"><time datetime=\"15 de abril de 2025\">15 de abril de 2025<\/time><\/div>                        <\/div>\n                    <\/div>\n                <\/div>\n            <\/div>\n                        <div class=\"meafe-post-modules-card\" data-id=\"35993\">\n                <div class=\"meafe-post-modules-card-inner\">\n                                            <figure class=\"meafe-entry-media image-wrapper\">\n                            <a class=\"meafe-grid-post-link\" href=\"https:\/\/preview.aeeconsulting-ec.com\/aeeconsulting\/la-proteccion-de-los-derechos-de-los-oferentes-del-estado-en-la-justicia-constitucional-ecuatoriana\/\" title=\"La protecci\u00f3n de los derechos de los oferentes del Estado en la justicia constitucional ecuatoriana \">\n                                <img loading=\"lazy\" decoding=\"async\" width=\"300\" height=\"300\" src=\"https:\/\/preview.aeeconsulting-ec.com\/aeeconsulting\/wp-content\/uploads\/2024\/07\/legal-5211994_1280-300x300.jpg\" class=\"attachment-meafe-post-modules-small-img size-meafe-post-modules-small-img\" alt=\"\" srcset=\"https:\/\/preview.aeeconsulting-ec.com\/aeeconsulting\/wp-content\/uploads\/2024\/07\/legal-5211994_1280-300x300.jpg 300w, https:\/\/preview.aeeconsulting-ec.com\/aeeconsulting\/wp-content\/uploads\/2024\/07\/legal-5211994_1280-100x100.jpg 100w, https:\/\/preview.aeeconsulting-ec.com\/aeeconsulting\/wp-content\/uploads\/2024\/07\/legal-5211994_1280-150x150.jpg 150w, https:\/\/preview.aeeconsulting-ec.com\/aeeconsulting\/wp-content\/uploads\/2024\/07\/legal-5211994_1280-355x355.jpg 355w, https:\/\/preview.aeeconsulting-ec.com\/aeeconsulting\/wp-content\/uploads\/2024\/07\/legal-5211994_1280-370x370.jpg 370w, https:\/\/preview.aeeconsulting-ec.com\/aeeconsulting\/wp-content\/uploads\/2024\/07\/legal-5211994_1280-170x170.jpg 170w\" sizes=\"(max-width: 300px) 100vw, 300px\" \/>                            <\/a>\n                        <\/figure>\n                                            <div class=\"meafe-entry-wrapper category--main\">\n                        <span class=\"category--wrapper\" itemprop=\"about\"><a href=\"https:\/\/preview.aeeconsulting-ec.com\/aeeconsulting\/category\/publicaciones\/\" rel=\"category tag\">PUBLICACIONES<\/a><\/span>                            <h2 class=\"meafe-entry-title\">\n                                <a class=\"meafe-grid-post-link\" href=\"https:\/\/preview.aeeconsulting-ec.com\/aeeconsulting\/la-proteccion-de-los-derechos-de-los-oferentes-del-estado-en-la-justicia-constitucional-ecuatoriana\/\" title=\"La protecci\u00f3n de los derechos de los oferentes del Estado en la justicia constitucional ecuatoriana\">La protecci\u00f3n de los derechos de los oferentes del Estado en la justicia constitucional ecuatoriana<\/a>\n                            <\/h2>\n                                                \n                        <div class=\"meafe-entry-meta details\">\n                            <div class=\"meafe-posted-on meafe-date\"><time datetime=\"15 de abril de 2025\">15 de abril de 2025<\/time><\/div>                        <\/div>\n                    <\/div>\n                <\/div>\n            <\/div>\n            \n            <\/div>\n        <\/div>\t\t\t\t<\/div>\n\t\t\t\t<\/div>\n\t\t\t\t<\/div>\n\t\t\t\t\t<\/div>\n\t\t\t\t<\/div>\n\t\t<div class=\"elementor-element elementor-element-3e6c49a e-flex e-con-boxed e-con e-parent\" data-id=\"3e6c49a\" data-element_type=\"container\" data-settings=\"{&quot;background_background&quot;:&quot;classic&quot;}\">\n\t\t\t\t\t<div class=\"e-con-inner\">\n\t\t<div class=\"elementor-element elementor-element-d471ce8 e-con-full e-flex e-con e-child\" data-id=\"d471ce8\" data-element_type=\"container\">\n\t\t\t\t<div class=\"elementor-element elementor-element-7ad05f0 elementor-widget elementor-widget-elementskit-blog-posts\" data-id=\"7ad05f0\" data-element_type=\"widget\" data-widget_type=\"elementskit-blog-posts.default\">\n\t\t\t\t<div class=\"elementor-widget-container\">\n\t\t\t\t\t<div class=\"ekit-wid-con\" >        <div id=\"post-items--7ad05f0\" class=\"row post-items\">\n                <\/div>\n       <\/div>\t\t\t\t<\/div>\n\t\t\t\t<\/div>\n\t\t\t\t<\/div>\n\t\t\t\t\t<\/div>\n\t\t\t\t<\/div>\n\t\t<div class=\"elementor-element elementor-element-ec9b4ae e-flex e-con-boxed e-con e-parent\" data-id=\"ec9b4ae\" data-element_type=\"container\">\n\t\t\t\t\t<div class=\"e-con-inner\">\n\t\t\t\t<div class=\"elementor-element elementor-element-185d384 elementor-widget elementor-widget-spacer\" data-id=\"185d384\" data-element_type=\"widget\" data-widget_type=\"spacer.default\">\n\t\t\t\t<div class=\"elementor-widget-container\">\n\t\t\t\t\t\t\t<div class=\"elementor-spacer\">\n\t\t\t<div class=\"elementor-spacer-inner\"><\/div>\n\t\t<\/div>\n\t\t\t\t\t\t<\/div>\n\t\t\t\t<\/div>\n\t\t\t\t\t<\/div>\n\t\t\t\t<\/div>\n\t\t\t\t<\/div>\n\t\t","protected":false},"excerpt":{"rendered":"<p>PUBLICACIONES Compras p\u00fablicas y contrataci\u00f3n p\u00fablica en Ecuador: historia, diferencias y desaf\u00edos actuales 15 de abril de 2025 PUBLICACIONES Control &hellip; <\/p>\n","protected":false},"author":1,"featured_media":0,"parent":0,"menu_order":0,"comment_status":"closed","ping_status":"closed","template":"elementor_header_footer","meta":{"_coachify_sidebar_layout":"","footnotes":""},"class_list":["post-35038","page","type-page","status-publish","hentry","image-hover-transition-effect"],"_links":{"self":[{"href":"https:\/\/preview.aeeconsulting-ec.com\/aeeconsulting\/wp-json\/wp\/v2\/pages\/35038","targetHints":{"allow":["GET"]}}],"collection":[{"href":"https:\/\/preview.aeeconsulting-ec.com\/aeeconsulting\/wp-json\/wp\/v2\/pages"}],"about":[{"href":"https:\/\/preview.aeeconsulting-ec.com\/aeeconsulting\/wp-json\/wp\/v2\/types\/page"}],"author":[{"embeddable":true,"href":"https:\/\/preview.aeeconsulting-ec.com\/aeeconsulting\/wp-json\/wp\/v2\/users\/1"}],"replies":[{"embeddable":true,"href":"https:\/\/preview.aeeconsulting-ec.com\/aeeconsulting\/wp-json\/wp\/v2\/comments?post=35038"}],"version-history":[{"count":121,"href":"https:\/\/preview.aeeconsulting-ec.com\/aeeconsulting\/wp-json\/wp\/v2\/pages\/35038\/revisions"}],"predecessor-version":[{"id":36156,"href":"https:\/\/preview.aeeconsulting-ec.com\/aeeconsulting\/wp-json\/wp\/v2\/pages\/35038\/revisions\/36156"}],"wp:attachment":[{"href":"https:\/\/preview.aeeconsulting-ec.com\/aeeconsulting\/wp-json\/wp\/v2\/media?parent=35038"}],"curies":[{"name":"wp","href":"https:\/\/api.w.org\/{rel}","templated":true}]}}