{"id":15,"date":"2023-02-13T11:25:03","date_gmt":"2023-02-13T11:25:03","guid":{"rendered":"https:\/\/dev.aeeconsulting.com\/services\/"},"modified":"2025-04-16T10:54:16","modified_gmt":"2025-04-16T15:54:16","slug":"services","status":"publish","type":"page","link":"https:\/\/preview.aeeconsulting-ec.com\/aeeconsulting\/services\/","title":{"rendered":"Servicios"},"content":{"rendered":"\t\t<div data-elementor-type=\"wp-page\" data-elementor-id=\"15\" class=\"elementor elementor-15\">\n\t\t\t\t<div class=\"elementor-element elementor-element-ca4d5ec e-flex e-con-boxed e-con e-parent\" data-id=\"ca4d5ec\" data-element_type=\"container\" data-settings=\"{&quot;background_background&quot;:&quot;classic&quot;}\">\n\t\t\t\t\t<div class=\"e-con-inner\">\n\t\t<div class=\"elementor-element elementor-element-23037b9 e-con-full e-flex e-con e-child\" data-id=\"23037b9\" data-element_type=\"container\">\n\t\t\t\t<div class=\"elementor-element elementor-element-a08dac9 elementor-invisible elementor-widget elementor-widget-image\" data-id=\"a08dac9\" data-element_type=\"widget\" data-settings=\"{&quot;_animation&quot;:&quot;fadeIn&quot;}\" data-widget_type=\"image.default\">\n\t\t\t\t<div class=\"elementor-widget-container\">\n\t\t\t\t\t\t\t\t\t\t\t\t\t\t\t<img fetchpriority=\"high\" decoding=\"async\" width=\"790\" height=\"476\" src=\"https:\/\/preview.aeeconsulting-ec.com\/aeeconsulting\/wp-content\/uploads\/2024\/07\/job-5382501_1280-1024x617.jpg\" class=\"attachment-large size-large wp-image-34674\" alt=\"\" srcset=\"https:\/\/preview.aeeconsulting-ec.com\/aeeconsulting\/wp-content\/uploads\/2024\/07\/job-5382501_1280-1024x617.jpg 1024w, https:\/\/preview.aeeconsulting-ec.com\/aeeconsulting\/wp-content\/uploads\/2024\/07\/job-5382501_1280-600x361.jpg 600w, https:\/\/preview.aeeconsulting-ec.com\/aeeconsulting\/wp-content\/uploads\/2024\/07\/job-5382501_1280-300x181.jpg 300w, https:\/\/preview.aeeconsulting-ec.com\/aeeconsulting\/wp-content\/uploads\/2024\/07\/job-5382501_1280-768x463.jpg 768w, https:\/\/preview.aeeconsulting-ec.com\/aeeconsulting\/wp-content\/uploads\/2024\/07\/job-5382501_1280.jpg 1280w\" sizes=\"(max-width: 790px) 100vw, 790px\" \/>\t\t\t\t\t\t\t\t\t\t\t\t\t\t\t<\/div>\n\t\t\t\t<\/div>\n\t\t\t\t<\/div>\n\t\t<div class=\"elementor-element elementor-element-707489e e-con-full e-flex e-con e-child\" data-id=\"707489e\" data-element_type=\"container\">\n\t\t\t\t<div class=\"elementor-element elementor-element-6b4cfb7 elementor-widget elementor-widget-heading\" data-id=\"6b4cfb7\" data-element_type=\"widget\" data-widget_type=\"heading.default\">\n\t\t\t\t<div class=\"elementor-widget-container\">\n\t\t\t\t\t<h2 class=\"elementor-heading-title elementor-size-default\">Consultor\u00edas de Gesti\u00f3n<\/h2>\t\t\t\t<\/div>\n\t\t\t\t<\/div>\n\t\t\t\t<div class=\"elementor-element elementor-element-37223b8 elementor-widget elementor-widget-text-editor\" data-id=\"37223b8\" data-element_type=\"widget\" data-widget_type=\"text-editor.default\">\n\t\t\t\t<div class=\"elementor-widget-container\">\n\t\t\t\t\t\t\t\t\t<ul><li>Desarrollo de modelos de gesti\u00f3n institucional y proyectos de inversi\u00f3n.<\/li><li>Planificaci\u00f3n institucional, planificaci\u00f3n estrat\u00e9gica y<br \/>reingenier\u00eda de procesos.<\/li><li>Desarrollo de herramientas digitales para monitoreo y<br \/>seguimiento de resultados de gesti\u00f3n.<\/li><li>Modelos de gesti\u00f3n y optimizaci\u00f3n para el desarrollo del<br \/>talento humano.<\/li><\/ul>\t\t\t\t\t\t\t\t<\/div>\n\t\t\t\t<\/div>\n\t\t\t\t<\/div>\n\t\t\t\t\t<\/div>\n\t\t\t\t<\/div>\n\t\t<div class=\"elementor-element elementor-element-81d4a94 e-flex e-con-boxed e-con e-parent\" data-id=\"81d4a94\" data-element_type=\"container\" data-settings=\"{&quot;background_background&quot;:&quot;classic&quot;}\">\n\t\t\t\t\t<div class=\"e-con-inner\">\n\t\t<div class=\"elementor-element elementor-element-4239997 e-con-full e-flex e-con e-child\" data-id=\"4239997\" data-element_type=\"container\">\n\t\t\t\t<div class=\"elementor-element elementor-element-0fa709d elementor-widget elementor-widget-heading\" data-id=\"0fa709d\" data-element_type=\"widget\" data-widget_type=\"heading.default\">\n\t\t\t\t<div class=\"elementor-widget-container\">\n\t\t\t\t\t<h2 class=\"elementor-heading-title elementor-size-default\">Asesor\u00eda Legal y Patrocinio Jur\u00eddico<\/h2>\t\t\t\t<\/div>\n\t\t\t\t<\/div>\n\t\t\t\t<div class=\"elementor-element elementor-element-011a46b elementor-widget elementor-widget-text-editor\" data-id=\"011a46b\" data-element_type=\"widget\" data-widget_type=\"text-editor.default\">\n\t\t\t\t<div class=\"elementor-widget-container\">\n\t\t\t\t\t\t\t\t\t<ul><li>Derecho administrativo, constitucional y laboral.<\/li><li>Contrataci\u00f3n P\u00fablica y auditor\u00eda gubernamental.<\/li><li>Gesti\u00f3n de compliance, transparencia corporativa y<br \/>cumplimiento normativo.<\/li><li>Protecci\u00f3n de datos personales.<\/li><\/ul>\t\t\t\t\t\t\t\t<\/div>\n\t\t\t\t<\/div>\n\t\t\t\t<\/div>\n\t\t<div class=\"elementor-element elementor-element-c71abc7 e-con-full e-flex e-con e-child\" data-id=\"c71abc7\" data-element_type=\"container\">\n\t\t\t\t<div class=\"elementor-element elementor-element-8d095c3 elementor-invisible elementor-widget elementor-widget-image\" data-id=\"8d095c3\" data-element_type=\"widget\" data-settings=\"{&quot;_animation&quot;:&quot;fadeIn&quot;}\" data-widget_type=\"image.default\">\n\t\t\t\t<div class=\"elementor-widget-container\">\n\t\t\t\t\t\t\t\t\t\t\t\t\t\t\t<img decoding=\"async\" width=\"500\" height=\"410\" src=\"https:\/\/preview.aeeconsulting-ec.com\/aeeconsulting\/wp-content\/uploads\/2024\/07\/legal-5211994_1280-500x410.jpg\" class=\"attachment-meafe-featured-page size-meafe-featured-page wp-image-34675\" alt=\"\" \/>\t\t\t\t\t\t\t\t\t\t\t\t\t\t\t<\/div>\n\t\t\t\t<\/div>\n\t\t\t\t<\/div>\n\t\t\t\t\t<\/div>\n\t\t\t\t<\/div>\n\t\t<div class=\"elementor-element elementor-element-f3ec7a0 e-flex e-con-boxed e-con e-parent\" data-id=\"f3ec7a0\" data-element_type=\"container\" data-settings=\"{&quot;background_background&quot;:&quot;classic&quot;}\">\n\t\t\t\t\t<div class=\"e-con-inner\">\n\t\t<div class=\"elementor-element elementor-element-9f62bff e-con-full e-flex e-con e-child\" data-id=\"9f62bff\" data-element_type=\"container\">\n\t\t\t\t<div class=\"elementor-element elementor-element-5d12ee6 elementor-invisible elementor-widget elementor-widget-image\" data-id=\"5d12ee6\" data-element_type=\"widget\" data-settings=\"{&quot;_animation&quot;:&quot;fadeIn&quot;}\" data-widget_type=\"image.default\">\n\t\t\t\t<div class=\"elementor-widget-container\">\n\t\t\t\t\t\t\t\t\t\t\t\t\t\t\t<img decoding=\"async\" width=\"790\" height=\"443\" src=\"https:\/\/preview.aeeconsulting-ec.com\/aeeconsulting\/wp-content\/uploads\/2024\/07\/builder-8760328_1280-1024x574.jpg\" class=\"attachment-large size-large wp-image-34482\" alt=\"\" srcset=\"https:\/\/preview.aeeconsulting-ec.com\/aeeconsulting\/wp-content\/uploads\/2024\/07\/builder-8760328_1280-1024x574.jpg 1024w, https:\/\/preview.aeeconsulting-ec.com\/aeeconsulting\/wp-content\/uploads\/2024\/07\/builder-8760328_1280-600x336.jpg 600w, https:\/\/preview.aeeconsulting-ec.com\/aeeconsulting\/wp-content\/uploads\/2024\/07\/builder-8760328_1280-300x168.jpg 300w, https:\/\/preview.aeeconsulting-ec.com\/aeeconsulting\/wp-content\/uploads\/2024\/07\/builder-8760328_1280-768x430.jpg 768w, https:\/\/preview.aeeconsulting-ec.com\/aeeconsulting\/wp-content\/uploads\/2024\/07\/builder-8760328_1280-570x320.jpg 570w, https:\/\/preview.aeeconsulting-ec.com\/aeeconsulting\/wp-content\/uploads\/2024\/07\/builder-8760328_1280.jpg 1280w\" sizes=\"(max-width: 790px) 100vw, 790px\" \/>\t\t\t\t\t\t\t\t\t\t\t\t\t\t\t<\/div>\n\t\t\t\t<\/div>\n\t\t\t\t<\/div>\n\t\t<div class=\"elementor-element elementor-element-5ef3813 e-con-full e-flex e-con e-child\" data-id=\"5ef3813\" data-element_type=\"container\">\n\t\t\t\t<div class=\"elementor-element elementor-element-d6c55da elementor-widget elementor-widget-heading\" data-id=\"d6c55da\" data-element_type=\"widget\" data-widget_type=\"heading.default\">\n\t\t\t\t<div class=\"elementor-widget-container\">\n\t\t\t\t\t<h2 class=\"elementor-heading-title elementor-size-default\">Contrataci\u00f3n P\u00fablica nacional y adquisiciones con pol\u00edticas internacionales<\/h2>\t\t\t\t<\/div>\n\t\t\t\t<\/div>\n\t\t\t\t<div class=\"elementor-element elementor-element-8fcfe95 elementor-widget elementor-widget-text-editor\" data-id=\"8fcfe95\" data-element_type=\"widget\" data-widget_type=\"text-editor.default\">\n\t\t\t\t<div class=\"elementor-widget-container\">\n\t\t\t\t\t\t\t\t\t<ul><li>Asesor\u00eda integral en procesos de contrataci\u00f3n p\u00fablica aplicando la normativa del Sistema Nacional de Contrataci\u00f3n P\u00fablica y pol\u00edticas de adquisiciones de organismos internacionales.<\/li><li>Correcta aplicaci\u00f3n de lineamientos de los tratados internacionales en los procedimientos de contrataci\u00f3n p\u00fablica.<\/li><li>Desarrollo y capacitaci\u00f3n de modelos de Participaci\u00f3n P\u00fablico Privada.<\/li><li>Contrataci\u00f3n P\u00fablica Sostenible y de innovaci\u00f3n.<\/li><\/ul>\t\t\t\t\t\t\t\t<\/div>\n\t\t\t\t<\/div>\n\t\t\t\t<\/div>\n\t\t\t\t\t<\/div>\n\t\t\t\t<\/div>\n\t\t<div class=\"elementor-element elementor-element-991e5a3 e-flex e-con-boxed e-con e-parent\" data-id=\"991e5a3\" data-element_type=\"container\" data-settings=\"{&quot;background_background&quot;:&quot;classic&quot;}\">\n\t\t\t\t\t<div class=\"e-con-inner\">\n\t\t<div class=\"elementor-element elementor-element-bf248fa e-con-full e-flex e-con e-child\" data-id=\"bf248fa\" data-element_type=\"container\">\n\t\t\t\t<div class=\"elementor-element elementor-element-4c9edcd elementor-widget elementor-widget-heading\" data-id=\"4c9edcd\" data-element_type=\"widget\" data-widget_type=\"heading.default\">\n\t\t\t\t<div class=\"elementor-widget-container\">\n\t\t\t\t\t<h2 class=\"elementor-heading-title elementor-size-default\">Formaci\u00f3n y Capacitaci\u00f3n<\/h2>\t\t\t\t<\/div>\n\t\t\t\t<\/div>\n\t\t\t\t<div class=\"elementor-element elementor-element-9eb2b2d elementor-widget elementor-widget-text-editor\" data-id=\"9eb2b2d\" data-element_type=\"widget\" data-widget_type=\"text-editor.default\">\n\t\t\t\t<div class=\"elementor-widget-container\">\n\t\t\t\t\t\t\t\t\t<ul><li>Capacitaci\u00f3n de alta calidad con un enfoque pr\u00e1ctico y contenidos actualizados en contrataci\u00f3n p\u00fablica, derecho<br \/>laboral, cumplimiento normativo y gesti\u00f3n antisoborno, buenas pr\u00e1cticas en auditor\u00eda gubernamental y gesti\u00f3n empresarial.<\/li><li>Nuestros cursos cuentan con el aval del Ministerio de Trabajo.<\/li><\/ul>\t\t\t\t\t\t\t\t<\/div>\n\t\t\t\t<\/div>\n\t\t\t\t<\/div>\n\t\t<div class=\"elementor-element elementor-element-592384e e-con-full e-flex e-con e-child\" data-id=\"592384e\" data-element_type=\"container\">\n\t\t\t\t<div class=\"elementor-element elementor-element-e671961 elementor-invisible elementor-widget elementor-widget-image\" data-id=\"e671961\" data-element_type=\"widget\" data-settings=\"{&quot;_animation&quot;:&quot;fadeIn&quot;}\" data-widget_type=\"image.default\">\n\t\t\t\t<div class=\"elementor-widget-container\">\n\t\t\t\t\t\t\t\t\t\t\t\t\t\t\t<img loading=\"lazy\" decoding=\"async\" width=\"790\" height=\"431\" src=\"https:\/\/preview.aeeconsulting-ec.com\/aeeconsulting\/wp-content\/uploads\/2024\/07\/1_home_slider.jpg\" class=\"attachment-large size-large wp-image-34360\" alt=\"\" srcset=\"https:\/\/preview.aeeconsulting-ec.com\/aeeconsulting\/wp-content\/uploads\/2024\/07\/1_home_slider.jpg 900w, https:\/\/preview.aeeconsulting-ec.com\/aeeconsulting\/wp-content\/uploads\/2024\/07\/1_home_slider-600x327.jpg 600w, https:\/\/preview.aeeconsulting-ec.com\/aeeconsulting\/wp-content\/uploads\/2024\/07\/1_home_slider-300x164.jpg 300w, https:\/\/preview.aeeconsulting-ec.com\/aeeconsulting\/wp-content\/uploads\/2024\/07\/1_home_slider-768x419.jpg 768w\" sizes=\"(max-width: 790px) 100vw, 790px\" \/>\t\t\t\t\t\t\t\t\t\t\t\t\t\t\t<\/div>\n\t\t\t\t<\/div>\n\t\t\t\t<\/div>\n\t\t\t\t\t<\/div>\n\t\t\t\t<\/div>\n\t\t<div class=\"elementor-element elementor-element-3fa0de9 e-flex e-con-boxed e-con e-parent\" data-id=\"3fa0de9\" data-element_type=\"container\" data-settings=\"{&quot;background_background&quot;:&quot;classic&quot;}\">\n\t\t\t\t\t<div class=\"e-con-inner\">\n\t\t<div class=\"elementor-element elementor-element-f80466f e-con-full e-flex e-con e-child\" data-id=\"f80466f\" data-element_type=\"container\">\n\t\t\t\t<div class=\"elementor-element elementor-element-d6fedc2 elementor-invisible elementor-widget elementor-widget-image\" data-id=\"d6fedc2\" data-element_type=\"widget\" data-settings=\"{&quot;_animation&quot;:&quot;fadeIn&quot;}\" data-widget_type=\"image.default\">\n\t\t\t\t<div class=\"elementor-widget-container\">\n\t\t\t\t\t\t\t\t\t\t\t\t\t\t\t<img loading=\"lazy\" decoding=\"async\" width=\"790\" height=\"434\" src=\"https:\/\/preview.aeeconsulting-ec.com\/aeeconsulting\/wp-content\/uploads\/2024\/07\/building-3501667_1280-1024x563.jpg\" class=\"attachment-large size-large wp-image-34410\" alt=\"\" srcset=\"https:\/\/preview.aeeconsulting-ec.com\/aeeconsulting\/wp-content\/uploads\/2024\/07\/building-3501667_1280-1024x563.jpg 1024w, https:\/\/preview.aeeconsulting-ec.com\/aeeconsulting\/wp-content\/uploads\/2024\/07\/building-3501667_1280-600x330.jpg 600w, https:\/\/preview.aeeconsulting-ec.com\/aeeconsulting\/wp-content\/uploads\/2024\/07\/building-3501667_1280-300x165.jpg 300w, https:\/\/preview.aeeconsulting-ec.com\/aeeconsulting\/wp-content\/uploads\/2024\/07\/building-3501667_1280-768x422.jpg 768w, https:\/\/preview.aeeconsulting-ec.com\/aeeconsulting\/wp-content\/uploads\/2024\/07\/building-3501667_1280.jpg 1280w\" sizes=\"(max-width: 790px) 100vw, 790px\" \/>\t\t\t\t\t\t\t\t\t\t\t\t\t\t\t<\/div>\n\t\t\t\t<\/div>\n\t\t\t\t<\/div>\n\t\t<div class=\"elementor-element elementor-element-761efcb e-con-full e-flex e-con e-child\" data-id=\"761efcb\" data-element_type=\"container\">\n\t\t\t\t<div class=\"elementor-element elementor-element-8dd0465 elementor-widget elementor-widget-heading\" data-id=\"8dd0465\" data-element_type=\"widget\" data-widget_type=\"heading.default\">\n\t\t\t\t<div class=\"elementor-widget-container\">\n\t\t\t\t\t<h2 class=\"elementor-heading-title elementor-size-default\">Asesor\u00eda en Procesos Sancionatorios y de Control.<\/h2>\t\t\t\t<\/div>\n\t\t\t\t<\/div>\n\t\t\t\t<div class=\"elementor-element elementor-element-72931b8 elementor-widget elementor-widget-text-editor\" data-id=\"72931b8\" data-element_type=\"widget\" data-widget_type=\"text-editor.default\">\n\t\t\t\t<div class=\"elementor-widget-container\">\n\t\t\t\t\t\t\t\t\t<ul><li>Asesor\u00eda especializada y acompa\u00f1amiento en todo el proceso de auditor\u00eda por parte de la Contralor\u00eda General del Estado.<\/li><li>Desarrollo de modelos de gesti\u00f3n y herramientas inform\u00e1ticas para el seguimiento e implementaci\u00f3n de<br \/>recomendaciones emitidas en los informes de auditor\u00eda.<\/li><li>Representaci\u00f3n administrativa y judicial en procesos sancionatorios.<\/li><\/ul>\t\t\t\t\t\t\t\t<\/div>\n\t\t\t\t<\/div>\n\t\t\t\t<\/div>\n\t\t\t\t\t<\/div>\n\t\t\t\t<\/div>\n\t\t<div class=\"elementor-element elementor-element-40af3f1 e-flex e-con-boxed e-con e-parent\" data-id=\"40af3f1\" data-element_type=\"container\" data-settings=\"{&quot;background_background&quot;:&quot;classic&quot;}\">\n\t\t\t\t\t<div class=\"e-con-inner\">\n\t\t<div class=\"elementor-element elementor-element-61cc9a7 e-con-full e-flex e-con e-child\" data-id=\"61cc9a7\" data-element_type=\"container\">\n\t\t\t\t<div class=\"elementor-element elementor-element-572226e elementor-widget elementor-widget-heading\" data-id=\"572226e\" data-element_type=\"widget\" data-widget_type=\"heading.default\">\n\t\t\t\t<div class=\"elementor-widget-container\">\n\t\t\t\t\t<h2 class=\"elementor-heading-title elementor-size-default\">Desarrollo de Proveedores y Mercados Internacionales<\/h2>\t\t\t\t<\/div>\n\t\t\t\t<\/div>\n\t\t\t\t<div class=\"elementor-element elementor-element-1229ac4 elementor-widget elementor-widget-text-editor\" data-id=\"1229ac4\" data-element_type=\"widget\" data-widget_type=\"text-editor.default\">\n\t\t\t\t<div class=\"elementor-widget-container\">\n\t\t\t\t\t\t\t\t\t<ul><li>Catalogaci\u00f3n de productos y gesti\u00f3n de comercio<br \/>electr\u00f3nico.<\/li><li>Gesti\u00f3n de marketing digital y posicionamiento de<br \/>marcas.<\/li><li>Desarrollo de proyectos de exportaci\u00f3n e importaci\u00f3n.<\/li><li>Asesor\u00eda y acompa\u00f1amiento integral en operaciones de<br \/>comercio exterior.<\/li><\/ul>\t\t\t\t\t\t\t\t<\/div>\n\t\t\t\t<\/div>\n\t\t\t\t<\/div>\n\t\t<div class=\"elementor-element elementor-element-5fd0843 e-con-full e-flex e-con e-child\" data-id=\"5fd0843\" data-element_type=\"container\">\n\t\t\t\t<div class=\"elementor-element elementor-element-22c1c65 elementor-invisible elementor-widget elementor-widget-image\" data-id=\"22c1c65\" data-element_type=\"widget\" data-settings=\"{&quot;_animation&quot;:&quot;fadeIn&quot;}\" data-widget_type=\"image.default\">\n\t\t\t\t<div class=\"elementor-widget-container\">\n\t\t\t\t\t\t\t\t\t\t\t\t\t\t\t<img loading=\"lazy\" decoding=\"async\" width=\"639\" height=\"360\" src=\"https:\/\/preview.aeeconsulting-ec.com\/aeeconsulting\/wp-content\/uploads\/2024\/05\/1.jpg\" class=\"attachment-large size-large wp-image-34296\" alt=\"\" srcset=\"https:\/\/preview.aeeconsulting-ec.com\/aeeconsulting\/wp-content\/uploads\/2024\/05\/1.jpg 639w, https:\/\/preview.aeeconsulting-ec.com\/aeeconsulting\/wp-content\/uploads\/2024\/05\/1-600x338.jpg 600w, https:\/\/preview.aeeconsulting-ec.com\/aeeconsulting\/wp-content\/uploads\/2024\/05\/1-300x169.jpg 300w, https:\/\/preview.aeeconsulting-ec.com\/aeeconsulting\/wp-content\/uploads\/2024\/05\/1-570x320.jpg 570w\" sizes=\"(max-width: 639px) 100vw, 639px\" \/>\t\t\t\t\t\t\t\t\t\t\t\t\t\t\t<\/div>\n\t\t\t\t<\/div>\n\t\t\t\t<\/div>\n\t\t\t\t\t<\/div>\n\t\t\t\t<\/div>\n\t\t<div class=\"elementor-element elementor-element-a675025 e-flex e-con-boxed e-con e-parent\" data-id=\"a675025\" data-element_type=\"container\" data-settings=\"{&quot;background_background&quot;:&quot;classic&quot;}\">\n\t\t\t\t\t<div class=\"e-con-inner\">\n\t\t\t\t<div class=\"elementor-element elementor-element-eca6cf2 elementor-widget-mobile__width-inherit elementor-widget elementor-widget-heading\" data-id=\"eca6cf2\" data-element_type=\"widget\" data-widget_type=\"heading.default\">\n\t\t\t\t<div class=\"elementor-widget-container\">\n\t\t\t\t\t<h2 class=\"elementor-heading-title elementor-size-default\">\u00bfTienes dudas? o \u00bfDeseas hacer alguna consulta?<\/h2>\t\t\t\t<\/div>\n\t\t\t\t<\/div>\n\t\t<div class=\"elementor-element elementor-element-181970b e-flex e-con-boxed e-con e-child\" data-id=\"181970b\" data-element_type=\"container\">\n\t\t\t\t\t<div class=\"e-con-inner\">\n\t\t\t\t<div class=\"elementor-element elementor-element-2f370b3 elementor-align-left elementor-widget__width-auto elementor-mobile-align-center elementor-widget-mobile__width-inherit elementor-widget elementor-widget-button\" data-id=\"2f370b3\" data-element_type=\"widget\" data-widget_type=\"button.default\">\n\t\t\t\t<div class=\"elementor-widget-container\">\n\t\t\t\t\t\t\t\t\t<div class=\"elementor-button-wrapper\">\n\t\t\t\t\t<a class=\"elementor-button elementor-button-link elementor-size-sm\" href=\"https:\/\/preview.aeeconsulting-ec.com\/aeeconsulting\/contact\/\" target=\"_blank\">\n\t\t\t\t\t\t<span class=\"elementor-button-content-wrapper\">\n\t\t\t\t\t\t<span class=\"elementor-button-icon\">\n\t\t\t\t<i aria-hidden=\"true\" class=\"icon icon-email1\"><\/i>\t\t\t<\/span>\n\t\t\t\t\t\t\t\t\t<span class=\"elementor-button-text\">Cont\u00e1ctanos<\/span>\n\t\t\t\t\t<\/span>\n\t\t\t\t\t<\/a>\n\t\t\t\t<\/div>\n\t\t\t\t\t\t\t\t<\/div>\n\t\t\t\t<\/div>\n\t\t\t\t\t<\/div>\n\t\t\t\t<\/div>\n\t\t\t\t\t<\/div>\n\t\t\t\t<\/div>\n\t\t\t\t<\/div>\n\t\t","protected":false},"excerpt":{"rendered":"<p>Consultor\u00edas de Gesti\u00f3n Desarrollo de modelos de gesti\u00f3n institucional y proyectos de inversi\u00f3n. Planificaci\u00f3n institucional, planificaci\u00f3n estrat\u00e9gica yreingenier\u00eda de procesos. &hellip; <\/p>\n","protected":false},"author":1,"featured_media":0,"parent":0,"menu_order":0,"comment_status":"closed","ping_status":"closed","template":"elementor_header_footer","meta":{"_coachify_sidebar_layout":"","footnotes":""},"class_list":["post-15","page","type-page","status-publish","hentry","image-hover-transition-effect"],"_links":{"self":[{"href":"https:\/\/preview.aeeconsulting-ec.com\/aeeconsulting\/wp-json\/wp\/v2\/pages\/15","targetHints":{"allow":["GET"]}}],"collection":[{"href":"https:\/\/preview.aeeconsulting-ec.com\/aeeconsulting\/wp-json\/wp\/v2\/pages"}],"about":[{"href":"https:\/\/preview.aeeconsulting-ec.com\/aeeconsulting\/wp-json\/wp\/v2\/types\/page"}],"author":[{"embeddable":true,"href":"https:\/\/preview.aeeconsulting-ec.com\/aeeconsulting\/wp-json\/wp\/v2\/users\/1"}],"replies":[{"embeddable":true,"href":"https:\/\/preview.aeeconsulting-ec.com\/aeeconsulting\/wp-json\/wp\/v2\/comments?post=15"}],"version-history":[{"count":267,"href":"https:\/\/preview.aeeconsulting-ec.com\/aeeconsulting\/wp-json\/wp\/v2\/pages\/15\/revisions"}],"predecessor-version":[{"id":36143,"href":"https:\/\/preview.aeeconsulting-ec.com\/aeeconsulting\/wp-json\/wp\/v2\/pages\/15\/revisions\/36143"}],"wp:attachment":[{"href":"https:\/\/preview.aeeconsulting-ec.com\/aeeconsulting\/wp-json\/wp\/v2\/media?parent=15"}],"curies":[{"name":"wp","href":"https:\/\/api.w.org\/{rel}","templated":true}]}}